{"id":398,"date":"2021-09-16T09:37:46","date_gmt":"2021-09-16T07:37:46","guid":{"rendered":"http:\/\/127.0.0.1\/ami\/?page_id=398"},"modified":"2021-10-27T08:05:31","modified_gmt":"2021-10-27T06:05:31","slug":"contact","status":"publish","type":"page","link":"https:\/\/ami.com.pl\/?page_id=398","title":{"rendered":"Contact"},"content":{"rendered":"\n<div class=\"wp-block-columns is-layout-flex wp-container-core-columns-is-layout-9d6595d7 wp-block-columns-is-layout-flex\">\n<div class=\"wp-block-column is-layout-flow wp-block-column-is-layout-flow\" style=\"flex-basis:39.99%\">\n<h1 class=\"has-large-font-size wp-block-heading\"><strong>AMI sp\u00f3\u0142ka z ograniczon\u0105 odpowiedzialno\u015bci\u0105 sp.k<\/strong>.<\/h1>\n\n\n\n<p>ul. Stara Droga 1, 63-510 Mikstat<\/p>\n\n\n\n<p>NIP 514-01-09-426<\/p>\n\n\n\n<iframe src=\"https:\/\/www.google.com\/maps\/embed?pb=!1m18!1m12!1m3!1d1853.0923634438448!2d17.974791252833278!3d51.53716708240768!2m3!1f0!2f0!3f0!3m2!1i1024!2i768!4f13.1!3m3!1m2!1s0x471aba52df60a4f7%3A0xc5c8148e3047a9eb!2sStara%20Droga%201%2C%2063-510%20Mikstat!5e1!3m2!1spl!2spl!4v1631866171493!5m2!1spl!2spl\" style=\"border:0;\" allowfullscreen=\"\" loading=\"lazy\" width=\"600\" height=\"450\"><\/iframe>\n<\/div>\n\n\n\n<div class=\"wp-block-column is-layout-flow wp-block-column-is-layout-flow\" style=\"flex-basis:60.01%\">\n<h1 class=\"has-large-font-size wp-block-heading\"><strong>Secretary\u2019s Office<\/strong><\/h1>\n\n\n\n<p>tel: +48 62 730 99 00<\/p>\n\n\n\n<p>tel\/fax: +48 62 731 08 00<\/p>\n\n\n\n<figure class=\"wp-block-image is-resized\"><img loading=\"lazy\" decoding=\"async\" src=\"http:\/\/ami.com.pl\/img\/ami-mail.gif\" alt=\"ami\" width=\"260\" height=\"36\"\/><\/figure>\n\n\n\n<hr class=\"wp-block-separator is-style-wide\"\/>\n\n\n\n<h1 class=\"has-large-font-size wp-block-heading\"><strong>Commercial Department:<\/strong><\/h1>\n\n\n\n<p>tel. +48 62 730 91 66<\/p>\n\n\n\n<p>tel. +48 62 730 99 20<\/p>\n\n\n\n<p>tel. +48 605 413 409<\/p>\n\n\n\n<figure class=\"wp-block-image is-resized\"><img loading=\"lazy\" decoding=\"async\" src=\"http:\/\/ami.com.pl\/img\/ami-mail.gif\" alt=\"ami\" width=\"260\" height=\"36\"\/><\/figure>\n\n\n\n<hr class=\"wp-block-separator is-style-wide\"\/>\n\n\n\n<h1 class=\"has-large-font-size wp-block-heading\"><strong>Export Department:<\/strong><\/h1>\n\n\n\n<p>tel. +48 62 730 99 21<\/p>\n\n\n\n<figure class=\"wp-block-image size-full is-resized\"><img loading=\"lazy\" decoding=\"async\" src=\"http:\/\/ami.com.pl\/wp-content\/uploads\/ex-mail.gif\" alt=\"\" class=\"wp-image-558\" width=\"222\" height=\"29\"\/><\/figure>\n\n\n\n<hr class=\"wp-block-separator is-style-wide\"\/>\n\n\n\n<h1 class=\"has-large-font-size wp-block-heading\"><strong>Contracts Department:<\/strong><\/h1>\n\n\n\n<p>tel: +48 62 731 05 80<\/p>\n\n\n\n<figure class=\"wp-block-image is-resized\"><img loading=\"lazy\" decoding=\"async\" src=\"http:\/\/ami.com.pl\/img\/kontr-mail.gif\" alt=\"kontraktacja\" width=\"314\" height=\"36\"\/><\/figure>\n<\/div>\n<\/div>\n\n\n\n<p><\/p>\n","protected":false},"excerpt":{"rendered":"<p>AMI sp\u00f3\u0142ka z ograniczon\u0105 odpowiedzialno\u015bci\u0105 sp.k. ul. Stara Droga 1, 63-510 Mikstat NIP 514-01-09-426 Secretary\u2019s Office tel: +48 62 730 99 00 tel\/fax: +48 62 731 08 00 Commercial Department: tel. +48 62 730 91 66 tel. +48 62 730 99 20 tel. +48 605 413 409 Export Department: tel. &hellip;<\/p>\n","protected":false},"author":1,"featured_media":0,"parent":0,"menu_order":0,"comment_status":"closed","ping_status":"closed","template":"","meta":{"footnotes":""},"class_list":["post-398","page","type-page","status-publish","hentry"],"_links":{"self":[{"href":"https:\/\/ami.com.pl\/index.php?rest_route=\/wp\/v2\/pages\/398","targetHints":{"allow":["GET"]}}],"collection":[{"href":"https:\/\/ami.com.pl\/index.php?rest_route=\/wp\/v2\/pages"}],"about":[{"href":"https:\/\/ami.com.pl\/index.php?rest_route=\/wp\/v2\/types\/page"}],"author":[{"embeddable":true,"href":"https:\/\/ami.com.pl\/index.php?rest_route=\/wp\/v2\/users\/1"}],"replies":[{"embeddable":true,"href":"https:\/\/ami.com.pl\/index.php?rest_route=%2Fwp%2Fv2%2Fcomments&post=398"}],"version-history":[{"count":10,"href":"https:\/\/ami.com.pl\/index.php?rest_route=\/wp\/v2\/pages\/398\/revisions"}],"predecessor-version":[{"id":1263,"href":"https:\/\/ami.com.pl\/index.php?rest_route=\/wp\/v2\/pages\/398\/revisions\/1263"}],"wp:attachment":[{"href":"https:\/\/ami.com.pl\/index.php?rest_route=%2Fwp%2Fv2%2Fmedia&parent=398"}],"curies":[{"name":"wp","href":"https:\/\/api.w.org\/{rel}","templated":true}]}}