{"id":39,"date":"2021-05-20T10:23:53","date_gmt":"2021-05-20T08:23:53","guid":{"rendered":"http:\/\/127.0.0.1\/ami\/?page_id=39"},"modified":"2023-09-15T12:10:58","modified_gmt":"2023-09-15T10:10:58","slug":"kontakt","status":"publish","type":"page","link":"https:\/\/ami.com.pl\/?page_id=39","title":{"rendered":"Kontakt"},"content":{"rendered":"\n<div class=\"wp-block-columns is-layout-flex wp-container-core-columns-is-layout-9d6595d7 wp-block-columns-is-layout-flex\">\n<div class=\"wp-block-column is-layout-flow wp-block-column-is-layout-flow\" style=\"flex-basis:39.99%\">\n<h1 class=\"has-large-font-size wp-block-heading\"><strong>AMI sp\u00f3\u0142ka z ograniczon\u0105 odpowiedzialno\u015bci\u0105 sp.k<\/strong>.<\/h1>\n\n\n\n<p>ul. Stara Droga 1, 63-510 Mikstat<\/p>\n\n\n\n<p>NIP 514-01-09-426<\/p>\n\n\n\n<div style=\"width: 100%\"><iframe loading=\"lazy\" width=\"650\" height=\"400\" frameborder=\"0\" scrolling=\"no\" marginheight=\"0\" marginwidth=\"0\" src=\"https:\/\/maps.google.com\/maps?width=650&amp;height=400&amp;hl=en&amp;q=Ami%20stara%20droga%201+(AMI)&amp;t=p&amp;z=16&amp;ie=UTF8&amp;iwloc=B&amp;output=embed\"><a href=\"https:\/\/www.maps.ie\/population\/\">Calculate population in area<\/a><\/iframe><\/div>\n<\/div>\n\n\n\n<div class=\"wp-block-column is-layout-flow wp-block-column-is-layout-flow\" style=\"flex-basis:60.01%\">\n<h1 class=\"has-large-font-size wp-block-heading\"><strong>Sekretariat:<\/strong><\/h1>\n\n\n\n<p>tel: +48 62 730 99 00<\/p>\n\n\n\n<p>tel\/fax: +48 62 731 08 00<\/p>\n\n\n\n<figure class=\"wp-block-image is-resized\"><img loading=\"lazy\" decoding=\"async\" src=\"https:\/\/ami.com.pl\/img\/ami-mail.gif\" alt=\"ami\" width=\"260\" height=\"36\"\/><\/figure>\n\n\n\n<hr class=\"wp-block-separator is-style-wide\"\/>\n\n\n\n<h1 class=\"has-large-font-size wp-block-heading\"><strong>Dzia\u0142 handlu krajowego:<\/strong><\/h1>\n\n\n\n<p>tel. +48 62 730 99 20<\/p>\n\n\n\n<p>tel. +48 62 730 91 66<\/p>\n\n\n\n<p>tel. +48 605 413 409<\/p>\n\n\n\n<figure class=\"wp-block-image is-resized\"><img loading=\"lazy\" decoding=\"async\" src=\"http:\/\/ami.com.pl\/img\/ami-mail.gif\" alt=\"ami\" width=\"260\" height=\"36\"\/><\/figure>\n\n\n\n<hr class=\"wp-block-separator is-style-wide\"\/>\n\n\n\n<h1 class=\"has-large-font-size wp-block-heading\"><strong>Dzia\u0142 eksportu:<\/strong><\/h1>\n\n\n\n<p>tel. +48 62 730 99 21<\/p>\n\n\n\n<figure class=\"wp-block-image size-full is-resized\"><img loading=\"lazy\" decoding=\"async\" src=\"http:\/\/ami.com.pl\/wp-content\/uploads\/ex-mail.gif\" alt=\"\" class=\"wp-image-558\" width=\"222\" height=\"29\"\/><\/figure>\n\n\n\n<hr class=\"wp-block-separator is-style-wide\"\/>\n\n\n\n<h1 class=\"has-large-font-size wp-block-heading\"><strong>Dzia\u0142 Kontraktacji:<\/strong><\/h1>\n\n\n\n<p>tel: +48 62 731 05 80<\/p>\n\n\n\n<figure class=\"wp-block-image is-resized\"><img loading=\"lazy\" decoding=\"async\" src=\"http:\/\/ami.com.pl\/img\/kontr-mail.gif\" alt=\"kontraktacja\" width=\"314\" height=\"36\"\/><\/figure>\n<\/div>\n<\/div>\n","protected":false},"excerpt":{"rendered":"<p>AMI sp\u00f3\u0142ka z ograniczon\u0105 odpowiedzialno\u015bci\u0105 sp.k. ul. Stara Droga 1, 63-510 Mikstat NIP 514-01-09-426 Calculate population in area Sekretariat: tel: +48 62 730 99 00 tel\/fax: +48 62 731 08 00 Dzia\u0142 handlu krajowego: tel. +48 62 730 99 20 tel. +48 62 730 91 66 tel. +48 605 413 &hellip;<\/p>\n","protected":false},"author":1,"featured_media":0,"parent":0,"menu_order":0,"comment_status":"closed","ping_status":"closed","template":"","meta":{"footnotes":""},"class_list":["post-39","page","type-page","status-publish","hentry"],"_links":{"self":[{"href":"https:\/\/ami.com.pl\/index.php?rest_route=\/wp\/v2\/pages\/39","targetHints":{"allow":["GET"]}}],"collection":[{"href":"https:\/\/ami.com.pl\/index.php?rest_route=\/wp\/v2\/pages"}],"about":[{"href":"https:\/\/ami.com.pl\/index.php?rest_route=\/wp\/v2\/types\/page"}],"author":[{"embeddable":true,"href":"https:\/\/ami.com.pl\/index.php?rest_route=\/wp\/v2\/users\/1"}],"replies":[{"embeddable":true,"href":"https:\/\/ami.com.pl\/index.php?rest_route=%2Fwp%2Fv2%2Fcomments&post=39"}],"version-history":[{"count":23,"href":"https:\/\/ami.com.pl\/index.php?rest_route=\/wp\/v2\/pages\/39\/revisions"}],"predecessor-version":[{"id":1466,"href":"https:\/\/ami.com.pl\/index.php?rest_route=\/wp\/v2\/pages\/39\/revisions\/1466"}],"wp:attachment":[{"href":"https:\/\/ami.com.pl\/index.php?rest_route=%2Fwp%2Fv2%2Fmedia&parent=39"}],"curies":[{"name":"wp","href":"https:\/\/api.w.org\/{rel}","templated":true}]}}