{"id":1464,"date":"2023-09-15T12:19:12","date_gmt":"2023-09-15T10:19:12","guid":{"rendered":"https:\/\/ami.com.pl\/?page_id=1464"},"modified":"2023-09-15T12:23:42","modified_gmt":"2023-09-15T10:23:42","slug":"aktualnosci","status":"publish","type":"page","link":"https:\/\/ami.com.pl\/?page_id=1464","title":{"rendered":"Aktualno\u015bci"},"content":{"rendered":"\n<p class=\"has-text-align-left\">Ami sp\u00f3\u0142ka z ograniczona odpowiedzialno\u015bci\u0105 sp\u00f3\u0142ka komandytowa informuj\u0119, \u017ce w ramach post\u0119powania upublicznionego w Bazie konkurencyjno\u015bci pod nazw\u0105: \u201eRealizacja Inwestycji polegaj\u0105cej na wybudowaniu farmy fotowoltaicznej o mocy 4.0MW wraz z magazynem energii o pojemno\u015bci 1,7 MWh w formule 0 eksport\u201d wybrano jako najkorzystniejsz\u0105 ofert\u0119 z\u0142o\u017con\u0105 przez\u00a0 Meb Technical S p. z o.o.<\/p>\n","protected":false},"excerpt":{"rendered":"<p>Ami sp\u00f3\u0142ka z ograniczona odpowiedzialno\u015bci\u0105 sp\u00f3\u0142ka komandytowa informuj\u0119, \u017ce w ramach post\u0119powania upublicznionego w Bazie konkurencyjno\u015bci pod nazw\u0105: \u201eRealizacja Inwestycji polegaj\u0105cej na wybudowaniu farmy fotowoltaicznej o mocy 4.0MW wraz z magazynem energii o pojemno\u015bci 1,7 MWh w formule 0 eksport\u201d wybrano jako najkorzystniejsz\u0105 ofert\u0119 z\u0142o\u017con\u0105 przez\u00a0 Meb Technical S p. &hellip;<\/p>\n","protected":false},"author":1,"featured_media":0,"parent":0,"menu_order":0,"comment_status":"closed","ping_status":"closed","template":"","meta":{"footnotes":""},"class_list":["post-1464","page","type-page","status-publish","hentry"],"_links":{"self":[{"href":"https:\/\/ami.com.pl\/index.php?rest_route=\/wp\/v2\/pages\/1464","targetHints":{"allow":["GET"]}}],"collection":[{"href":"https:\/\/ami.com.pl\/index.php?rest_route=\/wp\/v2\/pages"}],"about":[{"href":"https:\/\/ami.com.pl\/index.php?rest_route=\/wp\/v2\/types\/page"}],"author":[{"embeddable":true,"href":"https:\/\/ami.com.pl\/index.php?rest_route=\/wp\/v2\/users\/1"}],"replies":[{"embeddable":true,"href":"https:\/\/ami.com.pl\/index.php?rest_route=%2Fwp%2Fv2%2Fcomments&post=1464"}],"version-history":[{"count":4,"href":"https:\/\/ami.com.pl\/index.php?rest_route=\/wp\/v2\/pages\/1464\/revisions"}],"predecessor-version":[{"id":1472,"href":"https:\/\/ami.com.pl\/index.php?rest_route=\/wp\/v2\/pages\/1464\/revisions\/1472"}],"wp:attachment":[{"href":"https:\/\/ami.com.pl\/index.php?rest_route=%2Fwp%2Fv2%2Fmedia&parent=1464"}],"curies":[{"name":"wp","href":"https:\/\/api.w.org\/{rel}","templated":true}]}}